{"id":731,"date":"2022-09-18T07:25:34","date_gmt":"2022-09-18T10:25:34","guid":{"rendered":"https:\/\/themetechmount.com\/wordpress\/fablio\/?page_id=731"},"modified":"2023-05-22T17:38:28","modified_gmt":"2023-05-22T20:38:28","slug":"history","status":"publish","type":"page","link":"https:\/\/www.kurashiki.com.br\/eng\/history\/","title":{"rendered":"History"},"content":{"rendered":"\t\t<div data-elementor-type=\"wp-page\" data-elementor-id=\"731\" class=\"elementor elementor-731\" data-elementor-post-type=\"page\">\n\t\t\t\t\t\t\t\t\t<section class=\"elementor-section elementor-top-section elementor-element elementor-element-087af24 tm-column-break-ipad-yes elementor-section-stretched tm-col-stretched-none elementor-section-boxed elementor-section-height-default elementor-section-height-default elementor-invisible\" data-id=\"087af24\" data-element_type=\"section\" data-settings=\"{&quot;stretch_section&quot;:&quot;section-stretched&quot;,&quot;animation&quot;:&quot;slideInUp&quot;}\">\n\t\t\t\t\t\t<div class=\"elementor-container elementor-column-gap-default\">\n\t\t\t\t\t<div class=\"elementor-column elementor-col-50 elementor-top-column elementor-element elementor-element-9701a4e\" data-id=\"9701a4e\" data-element_type=\"column\" data-settings=\"{&quot;animation&quot;:&quot;none&quot;,&quot;animation_delay&quot;:300,&quot;background_background&quot;:&quot;classic&quot;}\">\n\t\t\t<div class=\"elementor-widget-wrap elementor-element-populated\">\n\t\t\t\t\t\t\t\t<div class=\"elementor-element elementor-element-3fce0ae tm-align-left elementor-widget elementor-widget-tm_heading\" data-id=\"3fce0ae\" data-element_type=\"widget\" data-widget_type=\"tm_heading.default\">\n\t\t\t\t<div class=\"elementor-widget-container\">\n\t\t\t<div class=\"tm-element-heading-content-wrapper left-align tm-reverse-heading-yes tm-seperator-none tm-content-with-desc tm-heading-style-vertical \"><div class=\"tm-content-header\"><h4 class=\"tm-element-subheading tm-custom-heading \">\n\t\t\t\tHistory\n\t\t\t<\/h4>\n\t\t<div class=\"heading-seperator\"><span><\/span><\/div><\/div><div class=\"tm-element-content-desctxt\">In 1888, Kurabo Industries Ltd. was founded, a modern spinning industry conceived by three young men in the city of Kurashiki, Okayama Prefecture, Japan.\n<br><br>\nDue to the expansion of the Kurabo company and consequent need to globalize its operations, <strong>the first international manufacturing facility was established in Brazil in 1957<\/strong>, currently named Kurashiki do Brasil T\u00eaxtil Ltda.\n<br><br>\nAfter that, other textile companies were created in Thailand, Indonesia, China, and Vietnam.\n<br><br>\nIn 1972, the current plant of Kurashiki do Brasil T\u00eaxtil Ltda. was founded in Ponta Grossa, State of Parana, in addition to the office in S\u00e3o Paulo, State of S\u00e3o Paulo, which centralizes the financial and business administration.\n\n\n<\/div><\/div>\t\t<\/div>\n\t\t\t\t<\/div>\n\t\t\t\t\t<\/div>\n\t\t<\/div>\n\t\t\t\t<div class=\"elementor-column elementor-col-50 elementor-top-column elementor-element elementor-element-d712006\" data-id=\"d712006\" data-element_type=\"column\" data-settings=\"{&quot;background_background&quot;:&quot;classic&quot;,&quot;animation&quot;:&quot;none&quot;}\">\n\t\t\t<div class=\"elementor-widget-wrap elementor-element-populated\">\n\t\t\t\t\t<div class=\"elementor-background-overlay\"><\/div>\n\t\t\t\t\t\t\t\t<div class=\"elementor-element elementor-element-7ad497b elementor-widget elementor-widget-tm_imagebox_element\" data-id=\"7ad497b\" data-element_type=\"widget\" data-widget_type=\"tm_imagebox_element.default\">\n\t\t\t\t<div class=\"elementor-widget-container\">\n\t\t\t<div class=\"tm-single-image-wrapper  imagestyle-three wpb_single_image vc_align_ \">\n\t <div class=\"tm-single-image-inner\">\n\t<img decoding=\"async\" src=\"https:\/\/www.kurashiki.com.br\/eng\/wp-content\/uploads\/2023\/04\/origem-eng.jpg\" class=\"tm-single-image-img\" alt=\"Image\" \/><\/div>\n  \n<\/div>\n\n\n\t\t<\/div>\n\t\t\t\t<\/div>\n\t\t\t\t\t<\/div>\n\t\t<\/div>\n\t\t\t\t\t\t\t<\/div>\n\t\t<\/section>\n\t\t\t\t\t\t\t<\/div>\n\t\t","protected":false},"excerpt":{"rendered":"<p>History In 1888, Kurabo Industries Ltd. was founded, a modern spinning industry conceived by three young men in the city of Kurashiki, Okayama Prefecture, Japan. Due to the expansion of the Kurabo company and consequent need to globalize its operations, the first international manufacturing facility was established in Brazil in 1957, currently named Kurashiki do &hellip; <a href=\"https:\/\/www.kurashiki.com.br\/eng\/history\/\" class=\"more-link\">Continue reading <span class=\"screen-reader-text\">History<\/span><\/a><\/p>\n","protected":false},"author":1,"featured_media":0,"parent":0,"menu_order":0,"comment_status":"closed","ping_status":"closed","template":"","meta":{"inline_featured_image":false,"footnotes":""},"class_list":["post-731","page","type-page","status-publish","hentry"],"_links":{"self":[{"href":"https:\/\/www.kurashiki.com.br\/eng\/wp-json\/wp\/v2\/pages\/731","targetHints":{"allow":["GET"]}}],"collection":[{"href":"https:\/\/www.kurashiki.com.br\/eng\/wp-json\/wp\/v2\/pages"}],"about":[{"href":"https:\/\/www.kurashiki.com.br\/eng\/wp-json\/wp\/v2\/types\/page"}],"author":[{"embeddable":true,"href":"https:\/\/www.kurashiki.com.br\/eng\/wp-json\/wp\/v2\/users\/1"}],"replies":[{"embeddable":true,"href":"https:\/\/www.kurashiki.com.br\/eng\/wp-json\/wp\/v2\/comments?post=731"}],"version-history":[{"count":138,"href":"https:\/\/www.kurashiki.com.br\/eng\/wp-json\/wp\/v2\/pages\/731\/revisions"}],"predecessor-version":[{"id":5443,"href":"https:\/\/www.kurashiki.com.br\/eng\/wp-json\/wp\/v2\/pages\/731\/revisions\/5443"}],"wp:attachment":[{"href":"https:\/\/www.kurashiki.com.br\/eng\/wp-json\/wp\/v2\/media?parent=731"}],"curies":[{"name":"wp","href":"https:\/\/api.w.org\/{rel}","templated":true}]}}